{"id":107,"date":"2025-01-17T08:46:28","date_gmt":"2025-01-17T08:46:28","guid":{"rendered":"https:\/\/mindtrade.de\/clients\/dtg2025\/ueber-uns\/"},"modified":"2025-09-19T10:13:33","modified_gmt":"2025-09-19T10:13:33","slug":"ueber-uns","status":"publish","type":"page","link":"https:\/\/mindtrade.de\/clients\/dtg2025\/ueber-uns\/","title":{"rendered":"\u00dcber uns"},"content":{"rendered":"\t\t<div data-elementor-type=\"wp-page\" data-elementor-id=\"107\" class=\"elementor elementor-107\" data-elementor-post-type=\"page\">\n\t\t\t\t<div class=\"elementor-element elementor-element-5a006665 e-con-full e-flex e-con e-parent\" data-id=\"5a006665\" data-element_type=\"container\" data-settings=\"{&quot;background_background&quot;:&quot;classic&quot;,&quot;background_motion_fx_motion_fx_scrolling&quot;:&quot;yes&quot;,&quot;background_motion_fx_scale_effect&quot;:&quot;yes&quot;,&quot;background_motion_fx_scale_speed&quot;:{&quot;unit&quot;:&quot;px&quot;,&quot;size&quot;:2,&quot;sizes&quot;:[]},&quot;background_motion_fx_scale_direction&quot;:&quot;out-in&quot;,&quot;background_motion_fx_scale_range&quot;:{&quot;unit&quot;:&quot;%&quot;,&quot;size&quot;:&quot;&quot;,&quot;sizes&quot;:{&quot;start&quot;:20,&quot;end&quot;:80}},&quot;background_motion_fx_devices&quot;:[&quot;desktop&quot;,&quot;tablet&quot;,&quot;mobile&quot;]}\">\n\t\t<div class=\"elementor-element elementor-element-dbf41c4 e-flex e-con-boxed e-con e-child\" data-id=\"dbf41c4\" data-element_type=\"container\">\n\t\t\t\t\t<div class=\"e-con-inner\">\n\t\t<div class=\"elementor-element elementor-element-13bafcb5 e-con-full e-flex e-con e-child\" data-id=\"13bafcb5\" data-element_type=\"container\">\n\t\t<div class=\"elementor-element elementor-element-4174ca6c e-con-full e-flex e-con e-child\" data-id=\"4174ca6c\" data-element_type=\"container\">\n\t\t\t\t<div class=\"elementor-element elementor-element-499828e7 elementor-widget elementor-widget-heading\" data-id=\"499828e7\" data-element_type=\"widget\" data-widget_type=\"heading.default\">\n\t\t\t\t<div class=\"elementor-widget-container\">\n\t\t\t\t\t<h1 class=\"elementor-heading-title elementor-size-default\">Unser Dental&shy;technik&shy;labor:<\/h1>\t\t\t\t<\/div>\n\t\t\t\t<\/div>\n\t\t\t\t<\/div>\n\t\t<div class=\"elementor-element elementor-element-4a19612d e-con-full e-flex e-con e-child\" data-id=\"4a19612d\" data-element_type=\"container\" data-settings=\"{&quot;background_background&quot;:&quot;classic&quot;}\">\n\t\t\t\t<div class=\"elementor-element elementor-element-d134615 elementor-widget__width-initial elementor-widget elementor-widget-heading\" data-id=\"d134615\" data-element_type=\"widget\" data-widget_type=\"heading.default\">\n\t\t\t\t<div class=\"elementor-widget-container\">\n\t\t\t\t\t<h1 class=\"elementor-heading-title elementor-size-default\">Tradition<\/h1>\t\t\t\t<\/div>\n\t\t\t\t<\/div>\n\t\t\t\t<\/div>\n\t\t<div class=\"elementor-element elementor-element-66fb7d23 e-con-full e-flex e-con e-child\" data-id=\"66fb7d23\" data-element_type=\"container\">\n\t\t\t\t<div class=\"elementor-element elementor-element-517cbb0e elementor-widget elementor-widget-heading\" data-id=\"517cbb0e\" data-element_type=\"widget\" data-widget_type=\"heading.default\">\n\t\t\t\t<div class=\"elementor-widget-container\">\n\t\t\t\t\t<h1 class=\"elementor-heading-title elementor-size-default\">&amp;<\/h1>\t\t\t\t<\/div>\n\t\t\t\t<\/div>\n\t\t\t\t<\/div>\n\t\t\t\t<\/div>\n\t\t<div class=\"elementor-element elementor-element-52b15200 e-con-full e-flex e-con e-child\" data-id=\"52b15200\" data-element_type=\"container\">\n\t\t<div class=\"elementor-element elementor-element-5430db87 e-con-full e-flex e-con e-child\" data-id=\"5430db87\" data-element_type=\"container\" data-settings=\"{&quot;background_background&quot;:&quot;classic&quot;}\">\n\t\t\t\t<div class=\"elementor-element elementor-element-3853a865 elementor-widget__width-initial elementor-widget elementor-widget-heading\" data-id=\"3853a865\" data-element_type=\"widget\" data-widget_type=\"heading.default\">\n\t\t\t\t<div class=\"elementor-widget-container\">\n\t\t\t\t\t<h1 class=\"elementor-heading-title elementor-size-default\">Technik<\/h1>\t\t\t\t<\/div>\n\t\t\t\t<\/div>\n\t\t\t\t<\/div>\n\t\t<div class=\"elementor-element elementor-element-63da05e1 e-con-full e-flex e-con e-child\" data-id=\"63da05e1\" data-element_type=\"container\">\n\t\t\t\t<div class=\"elementor-element elementor-element-226f91c8 elementor-widget elementor-widget-heading\" data-id=\"226f91c8\" data-element_type=\"widget\" data-widget_type=\"heading.default\">\n\t\t\t\t<div class=\"elementor-widget-container\">\n\t\t\t\t\t<h1 class=\"elementor-heading-title elementor-size-default\">vereint<\/h1>\t\t\t\t<\/div>\n\t\t\t\t<\/div>\n\t\t\t\t<\/div>\n\t\t\t\t<\/div>\n\t\t<div class=\"elementor-element elementor-element-6d10683d e-con-full e-flex e-con e-child\" data-id=\"6d10683d\" data-element_type=\"container\">\n\t\t\t\t<div class=\"elementor-element elementor-element-3d07266 elementor-widget elementor-widget-text-editor\" data-id=\"3d07266\" data-element_type=\"widget\" data-widget_type=\"text-editor.default\">\n\t\t\t\t<div class=\"elementor-widget-container\">\n\t\t\t\t\t\t\t\t\t<p>Wir vereinen jahrelange Erfahrung, h\u00e4ndische Pr\u00e4zision und technische Innovation zu herausragenden Ergebnissen. Durch die Verarbeitung von zeitgem\u00e4ssen Materialien in Verbindung mit individuellen und modernen Herstellungsprozessen sind wir in der Lage auf besondere Vorgaben und W\u00fcnsche einzugehen.<\/p>\t\t\t\t\t\t\t\t<\/div>\n\t\t\t\t<\/div>\n\t\t\t\t<\/div>\n\t\t\t\t\t<\/div>\n\t\t\t\t<\/div>\n\t\t\t\t<\/div>\n\t\t<div class=\"elementor-element elementor-element-78af7123 e-flex e-con-boxed e-con e-parent\" data-id=\"78af7123\" data-element_type=\"container\">\n\t\t\t\t\t<div class=\"e-con-inner\">\n\t\t<div class=\"elementor-element elementor-element-63dc7d55 e-con-full e-flex e-con e-child\" data-id=\"63dc7d55\" data-element_type=\"container\">\n\t\t\t\t<div class=\"elementor-element elementor-element-78444960 elementor-widget elementor-widget-image\" data-id=\"78444960\" data-element_type=\"widget\" data-widget_type=\"image.default\">\n\t\t\t\t<div class=\"elementor-widget-container\">\n\t\t\t\t\t\t\t\t\t\t\t\t\t\t\t<img fetchpriority=\"high\" decoding=\"async\" width=\"471\" height=\"620\" src=\"https:\/\/mindtrade.de\/clients\/dtg2025\/wp-content\/uploads\/2025\/01\/Bild-2-DDL.jpg\" class=\"attachment-large size-large wp-image-69\" alt=\"\" srcset=\"https:\/\/mindtrade.de\/clients\/dtg2025\/wp-content\/uploads\/2025\/01\/Bild-2-DDL.jpg 471w, https:\/\/mindtrade.de\/clients\/dtg2025\/wp-content\/uploads\/2025\/01\/Bild-2-DDL-228x300.jpg 228w\" sizes=\"(max-width: 471px) 100vw, 471px\" \/>\t\t\t\t\t\t\t\t\t\t\t\t\t\t\t<\/div>\n\t\t\t\t<\/div>\n\t\t\t\t<\/div>\n\t\t<div class=\"elementor-element elementor-element-23985ed3 e-con-full e-flex e-con e-child\" data-id=\"23985ed3\" data-element_type=\"container\">\n\t\t<div class=\"elementor-element elementor-element-110357e3 e-con-full e-flex e-con e-child\" data-id=\"110357e3\" data-element_type=\"container\">\n\t\t\t\t<div class=\"elementor-element elementor-element-12e63c1a elementor-widget elementor-widget-heading\" data-id=\"12e63c1a\" data-element_type=\"widget\" data-widget_type=\"heading.default\">\n\t\t\t\t<div class=\"elementor-widget-container\">\n\t\t\t\t\t<h2 class=\"elementor-heading-title elementor-size-default\">Zukunfts&shy;f\u00e4hige Zahn&shy;technik f\u00fcr<\/h2>\t\t\t\t<\/div>\n\t\t\t\t<\/div>\n\t\t<div class=\"elementor-element elementor-element-5a636bc7 e-con-full e-flex e-con e-child\" data-id=\"5a636bc7\" data-element_type=\"container\">\n\t\t\t\t<div class=\"elementor-element elementor-element-3f48edaf elementor-widget elementor-widget-heading\" data-id=\"3f48edaf\" data-element_type=\"widget\" data-widget_type=\"heading.default\">\n\t\t\t\t<div class=\"elementor-widget-container\">\n\t\t\t\t\t<h2 class=\"elementor-heading-title elementor-size-default\">junge<\/h2>\t\t\t\t<\/div>\n\t\t\t\t<\/div>\n\t\t<div class=\"elementor-element elementor-element-5c15cff9 e-con-full e-flex e-con e-child\" data-id=\"5c15cff9\" data-element_type=\"container\" data-settings=\"{&quot;background_background&quot;:&quot;classic&quot;}\">\n\t\t\t\t<div class=\"elementor-element elementor-element-2a834201 elementor-widget elementor-widget-heading\" data-id=\"2a834201\" data-element_type=\"widget\" data-widget_type=\"heading.default\">\n\t\t\t\t<div class=\"elementor-widget-container\">\n\t\t\t\t\t<h2 class=\"elementor-heading-title elementor-size-default\">Zahn\u00e4rzte<\/h2>\t\t\t\t<\/div>\n\t\t\t\t<\/div>\n\t\t\t\t<\/div>\n\t\t\t\t<\/div>\n\t\t\t\t<\/div>\n\t\t\t\t<div class=\"elementor-element elementor-element-54c373e5 elementor-widget elementor-widget-text-editor\" data-id=\"54c373e5\" data-element_type=\"widget\" data-widget_type=\"text-editor.default\">\n\t\t\t\t<div class=\"elementor-widget-container\">\n\t\t\t\t\t\t\t\t\t<p>Im Dentaltechniklabor am Grimmel bieten wir jungen Zahn\u00e4rzten moderne L\u00f6sungen, die Effizienz und Pr\u00e4zision vereinen. Unsere hochmodernen CAD\/CAM-Systeme und digitalen Workflows erm\u00f6glichen eine schnelle und ma\u00dfgeschneiderte Fertigung von Zahnersatz.<\/p><p>Wir legen gro\u00dfen Wert auf kontinuierliche Weiterbildung, sodass unser erfahrenes Team stets die neuesten Techniken integriert. Durch pers\u00f6nliche Beratung und enge Zusammenarbeit garantieren wir, dass Ihre individuellen Bed\u00fcrfnisse erf\u00fcllt werden.<\/p><p>Profitieren Sie von unserer Flexibilit\u00e4t und Schnelligkeit, um den Anforderungen Ihrer Praxis gerecht zu werden. Vertrauen Sie auf unser innovatives Labor \u2013 gemeinsam gestalten wir die Zukunft der Zahnmedizin!<\/p>\t\t\t\t\t\t\t\t<\/div>\n\t\t\t\t<\/div>\n\t\t\t\t<div class=\"elementor-element elementor-element-13c773a4 elementor-widget elementor-widget-button\" data-id=\"13c773a4\" data-element_type=\"widget\" data-widget_type=\"button.default\">\n\t\t\t\t<div class=\"elementor-widget-container\">\n\t\t\t\t\t\t\t\t\t<div class=\"elementor-button-wrapper\">\n\t\t\t\t\t<a class=\"elementor-button elementor-button-link elementor-size-sm\" href=\"https:\/\/mindtrade.de\/clients\/dtg2025\/kontakt\/\">\n\t\t\t\t\t\t<span class=\"elementor-button-content-wrapper\">\n\t\t\t\t\t\t\t\t\t<span class=\"elementor-button-text\">Jetzt kontaktieren<\/span>\n\t\t\t\t\t<\/span>\n\t\t\t\t\t<\/a>\n\t\t\t\t<\/div>\n\t\t\t\t\t\t\t\t<\/div>\n\t\t\t\t<\/div>\n\t\t\t\t<\/div>\n\t\t\t\t<div class=\"elementor-element elementor-element-1e0f247 elementor-absolute elementor-widget elementor-widget-image\" data-id=\"1e0f247\" data-element_type=\"widget\" data-settings=\"{&quot;_position&quot;:&quot;absolute&quot;}\" data-widget_type=\"image.default\">\n\t\t\t\t<div class=\"elementor-widget-container\">\n\t\t\t\t\t\t\t\t\t\t\t\t\t\t\t<img decoding=\"async\" width=\"569\" height=\"841\" src=\"https:\/\/mindtrade.de\/clients\/dtg2025\/wp-content\/uploads\/2025\/01\/Ellipse-Banner-rechts-1.svg\" class=\"attachment-large size-large wp-image-325\" alt=\"\" \/>\t\t\t\t\t\t\t\t\t\t\t\t\t\t\t<\/div>\n\t\t\t\t<\/div>\n\t\t\t\t<div class=\"elementor-element elementor-element-e014851 elementor-absolute elementor-widget elementor-widget-image\" data-id=\"e014851\" data-element_type=\"widget\" data-settings=\"{&quot;_position&quot;:&quot;absolute&quot;}\" data-widget_type=\"image.default\">\n\t\t\t\t<div class=\"elementor-widget-container\">\n\t\t\t\t\t\t\t\t\t\t\t\t\t\t\t<img decoding=\"async\" width=\"596\" height=\"799\" src=\"https:\/\/mindtrade.de\/clients\/dtg2025\/wp-content\/uploads\/2025\/01\/Ellipse-hero-links.svg\" class=\"attachment-large size-large wp-image-327\" alt=\"\" \/>\t\t\t\t\t\t\t\t\t\t\t\t\t\t\t<\/div>\n\t\t\t\t<\/div>\n\t\t\t\t\t<\/div>\n\t\t\t\t<\/div>\n\t\t<div class=\"elementor-element elementor-element-2a41be96 animated-slow e-flex e-con-boxed elementor-invisible e-con e-parent\" data-id=\"2a41be96\" data-element_type=\"container\" data-settings=\"{&quot;animation&quot;:&quot;fadeInUp&quot;}\">\n\t\t\t\t\t<div class=\"e-con-inner\">\n\t\t<div class=\"elementor-element elementor-element-40f9e902 e-con-full e-flex e-con e-child\" data-id=\"40f9e902\" data-element_type=\"container\" data-settings=\"{&quot;background_background&quot;:&quot;classic&quot;}\">\n\t\t\t\t<div class=\"elementor-element elementor-element-283d9d61 elementor-widget elementor-widget-heading\" data-id=\"283d9d61\" data-element_type=\"widget\" data-widget_type=\"heading.default\">\n\t\t\t\t<div class=\"elementor-widget-container\">\n\t\t\t\t\t<h3 class=\"elementor-heading-title elementor-size-default\">Zentrale Fakten \u00fcber unser Zahntechnik-Team <\/h3>\t\t\t\t<\/div>\n\t\t\t\t<\/div>\n\t\t\t\t<div class=\"elementor-element elementor-element-2968a5b5 elementor-tablet-align-left elementor-align-left elementor-icon-list--layout-traditional elementor-list-item-link-full_width elementor-widget elementor-widget-icon-list\" data-id=\"2968a5b5\" data-element_type=\"widget\" data-widget_type=\"icon-list.default\">\n\t\t\t\t<div class=\"elementor-widget-container\">\n\t\t\t\t\t\t\t<ul class=\"elementor-icon-list-items\">\n\t\t\t\t\t\t\t<li class=\"elementor-icon-list-item\">\n\t\t\t\t\t\t\t\t\t\t\t<span class=\"elementor-icon-list-icon\">\n\t\t\t\t\t\t\t<svg aria-hidden=\"true\" class=\"e-font-icon-svg e-fas-check-square\" viewBox=\"0 0 448 512\" xmlns=\"http:\/\/www.w3.org\/2000\/svg\"><path d=\"M400 480H48c-26.51 0-48-21.49-48-48V80c0-26.51 21.49-48 48-48h352c26.51 0 48 21.49 48 48v352c0 26.51-21.49 48-48 48zm-204.686-98.059l184-184c6.248-6.248 6.248-16.379 0-22.627l-22.627-22.627c-6.248-6.248-16.379-6.249-22.628 0L184 302.745l-70.059-70.059c-6.248-6.248-16.379-6.248-22.628 0l-22.627 22.627c-6.248 6.248-6.248 16.379 0 22.627l104 104c6.249 6.25 16.379 6.25 22.628.001z\"><\/path><\/svg>\t\t\t\t\t\t<\/span>\n\t\t\t\t\t\t\t\t\t\t<span class=\"elementor-icon-list-text\">Jahrelange Erfahrung, h\u00e4ndische Pr\u00e4zision und technische Innovation<\/span>\n\t\t\t\t\t\t\t\t\t<\/li>\n\t\t\t\t\t\t\t\t<li class=\"elementor-icon-list-item\">\n\t\t\t\t\t\t\t\t\t\t\t<span class=\"elementor-icon-list-icon\">\n\t\t\t\t\t\t\t<svg aria-hidden=\"true\" class=\"e-font-icon-svg e-fas-check-square\" viewBox=\"0 0 448 512\" xmlns=\"http:\/\/www.w3.org\/2000\/svg\"><path d=\"M400 480H48c-26.51 0-48-21.49-48-48V80c0-26.51 21.49-48 48-48h352c26.51 0 48 21.49 48 48v352c0 26.51-21.49 48-48 48zm-204.686-98.059l184-184c6.248-6.248 6.248-16.379 0-22.627l-22.627-22.627c-6.248-6.248-16.379-6.249-22.628 0L184 302.745l-70.059-70.059c-6.248-6.248-16.379-6.248-22.628 0l-22.627 22.627c-6.248 6.248-6.248 16.379 0 22.627l104 104c6.249 6.25 16.379 6.25 22.628.001z\"><\/path><\/svg>\t\t\t\t\t\t<\/span>\n\t\t\t\t\t\t\t\t\t\t<span class=\"elementor-icon-list-text\">Seit \u00fcber 15 Jahren arbeiten wir mit den modernsten CAD-CAM-Ger\u00e4ten und Maschinen<\/span>\n\t\t\t\t\t\t\t\t\t<\/li>\n\t\t\t\t\t\t\t\t<li class=\"elementor-icon-list-item\">\n\t\t\t\t\t\t\t\t\t\t\t<span class=\"elementor-icon-list-icon\">\n\t\t\t\t\t\t\t<svg aria-hidden=\"true\" class=\"e-font-icon-svg e-fas-check-square\" viewBox=\"0 0 448 512\" xmlns=\"http:\/\/www.w3.org\/2000\/svg\"><path d=\"M400 480H48c-26.51 0-48-21.49-48-48V80c0-26.51 21.49-48 48-48h352c26.51 0 48 21.49 48 48v352c0 26.51-21.49 48-48 48zm-204.686-98.059l184-184c6.248-6.248 6.248-16.379 0-22.627l-22.627-22.627c-6.248-6.248-16.379-6.249-22.628 0L184 302.745l-70.059-70.059c-6.248-6.248-16.379-6.248-22.628 0l-22.627 22.627c-6.248 6.248-6.248 16.379 0 22.627l104 104c6.249 6.25 16.379 6.25 22.628.001z\"><\/path><\/svg>\t\t\t\t\t\t<\/span>\n\t\t\t\t\t\t\t\t\t\t<span class=\"elementor-icon-list-text\">St\u00e4ndige Fort- und Weiterbildung der Mitarbeiter<\/span>\n\t\t\t\t\t\t\t\t\t<\/li>\n\t\t\t\t\t\t<\/ul>\n\t\t\t\t\t\t<\/div>\n\t\t\t\t<\/div>\n\t\t\t\t<\/div>\n\t\t\t\t\t<\/div>\n\t\t\t\t<\/div>\n\t\t<div class=\"elementor-element elementor-element-3ce3a72 e-flex e-con-boxed e-con e-parent\" data-id=\"3ce3a72\" data-element_type=\"container\">\n\t\t\t\t\t<div class=\"e-con-inner\">\n\t\t\t\t<div class=\"elementor-element elementor-element-da34993 elementor-widget elementor-widget-global elementor-global-17 elementor-widget-video\" data-id=\"da34993\" data-element_type=\"widget\" data-settings=\"{&quot;show_image_overlay&quot;:&quot;yes&quot;,&quot;image_overlay&quot;:{&quot;url&quot;:&quot;https:\\\/\\\/mindtrade.de\\\/clients\\\/dtg2025\\\/wp-content\\\/uploads\\\/2025\\\/05\\\/Bild-DTG-22.jpg&quot;,&quot;id&quot;:1206,&quot;size&quot;:&quot;&quot;,&quot;alt&quot;:&quot;&quot;,&quot;source&quot;:&quot;library&quot;},&quot;video_type&quot;:&quot;hosted&quot;,&quot;controls&quot;:&quot;yes&quot;}\" data-widget_type=\"video.default\">\n\t\t\t\t<div class=\"elementor-widget-container\">\n\t\t\t\t\t\t\t<div class=\"e-hosted-video elementor-wrapper elementor-open-inline\">\n\t\t\t\t\t<video class=\"elementor-video\" src=\"https:\/\/mindtrade.de\/clients\/dtg2025\/wp-content\/uploads\/2025\/01\/Imagevideo_DTG.mp4\" controls=\"\" preload=\"metadata\" controlsList=\"nodownload\" poster=\"https:\/\/mindtrade.de\/clients\/dtg2025\/wp-content\/uploads\/2025\/05\/Bild-DTG-22.jpg\"><\/video>\n\t\t\t\t\t\t<div class=\"elementor-custom-embed-image-overlay\" style=\"background-image: url(https:\/\/mindtrade.de\/clients\/dtg2025\/wp-content\/uploads\/2025\/05\/Bild-DTG-22.jpg);\">\n\t\t\t\t\t\t\t\t\t\t\t\t\t\t\t\t<div class=\"elementor-custom-embed-play\" role=\"button\" aria-label=\"Video abspielen\" tabindex=\"0\">\n\t\t\t\t\t\t\t<svg aria-hidden=\"true\" class=\"e-font-icon-svg e-eicon-play\" viewBox=\"0 0 1000 1000\" xmlns=\"http:\/\/www.w3.org\/2000\/svg\"><path d=\"M838 162C746 71 633 25 500 25 371 25 258 71 163 162 71 254 25 367 25 500 25 633 71 746 163 837 254 929 367 979 500 979 633 979 746 933 838 837 929 746 975 633 975 500 975 367 929 254 838 162M808 192C892 279 933 379 933 500 933 621 892 725 808 808 725 892 621 938 500 938 379 938 279 896 196 808 113 725 67 621 67 500 67 379 108 279 196 192 279 108 383 62 500 62 621 62 721 108 808 192M438 392V642L642 517 438 392Z\"><\/path><\/svg>\t\t\t\t\t\t<\/div>\n\t\t\t\t\t\t\t\t\t<\/div>\n\t\t\t\t\t<\/div>\n\t\t\t\t\t\t<\/div>\n\t\t\t\t<\/div>\n\t\t\t\t<div class=\"elementor-element elementor-element-ea14235 elementor-absolute elementor-widget elementor-widget-image\" data-id=\"ea14235\" data-element_type=\"widget\" data-settings=\"{&quot;_position&quot;:&quot;absolute&quot;}\" data-widget_type=\"image.default\">\n\t\t\t\t<div class=\"elementor-widget-container\">\n\t\t\t\t\t\t\t\t\t\t\t\t\t\t\t<img loading=\"lazy\" decoding=\"async\" width=\"527\" height=\"753\" src=\"https:\/\/mindtrade.de\/clients\/dtg2025\/wp-content\/uploads\/2025\/01\/Ellipse-hero-rechts.svg\" class=\"attachment-large size-large wp-image-328\" alt=\"\" \/>\t\t\t\t\t\t\t\t\t\t\t\t\t\t\t<\/div>\n\t\t\t\t<\/div>\n\t\t\t\t\t<\/div>\n\t\t\t\t<\/div>\n\t\t<div class=\"elementor-element elementor-element-2c91317 animated-slow e-flex e-con-boxed elementor-invisible e-con e-parent\" data-id=\"2c91317\" data-element_type=\"container\" data-settings=\"{&quot;background_background&quot;:&quot;classic&quot;,&quot;animation&quot;:&quot;fadeInUp&quot;}\">\n\t\t\t\t\t<div class=\"e-con-inner\">\n\t\t<div class=\"elementor-element elementor-element-724e546 e-con-full e-flex e-con e-child\" data-id=\"724e546\" data-element_type=\"container\">\n\t\t<div class=\"elementor-element elementor-element-77f655f5 e-con-full e-flex e-con e-child\" data-id=\"77f655f5\" data-element_type=\"container\">\n\t\t\t\t<div class=\"elementor-element elementor-element-4abc217f elementor-widget elementor-widget-heading\" data-id=\"4abc217f\" data-element_type=\"widget\" data-widget_type=\"heading.default\">\n\t\t\t\t<div class=\"elementor-widget-container\">\n\t\t\t\t\t<h2 class=\"elementor-heading-title elementor-size-default\">Dein<\/h2>\t\t\t\t<\/div>\n\t\t\t\t<\/div>\n\t\t<div class=\"elementor-element elementor-element-520bd40b e-con-full e-flex e-con e-child\" data-id=\"520bd40b\" data-element_type=\"container\" data-settings=\"{&quot;background_background&quot;:&quot;classic&quot;}\">\n\t\t\t\t<div class=\"elementor-element elementor-element-3062bb96 elementor-widget elementor-widget-heading\" data-id=\"3062bb96\" data-element_type=\"widget\" data-widget_type=\"heading.default\">\n\t\t\t\t<div class=\"elementor-widget-container\">\n\t\t\t\t\t<h2 class=\"elementor-heading-title elementor-size-default\">Talent<\/h2>\t\t\t\t<\/div>\n\t\t\t\t<\/div>\n\t\t\t\t<\/div>\n\t\t\t\t<div class=\"elementor-element elementor-element-72d8b9b1 elementor-widget elementor-widget-heading\" data-id=\"72d8b9b1\" data-element_type=\"widget\" data-widget_type=\"heading.default\">\n\t\t\t\t<div class=\"elementor-widget-container\">\n\t\t\t\t\t<h2 class=\"elementor-heading-title elementor-size-default\">schon bald in<\/h2>\t\t\t\t<\/div>\n\t\t\t\t<\/div>\n\t\t\t\t<\/div>\n\t\t\t\t<div class=\"elementor-element elementor-element-520b183c elementor-widget elementor-widget-heading\" data-id=\"520b183c\" data-element_type=\"widget\" data-widget_type=\"heading.default\">\n\t\t\t\t<div class=\"elementor-widget-container\">\n\t\t\t\t\t<h2 class=\"elementor-heading-title elementor-size-default\">aller Munde<\/h2>\t\t\t\t<\/div>\n\t\t\t\t<\/div>\n\t\t\t\t<div class=\"elementor-element elementor-element-54dbc899 elementor-widget elementor-widget-heading\" data-id=\"54dbc899\" data-element_type=\"widget\" data-widget_type=\"heading.default\">\n\t\t\t\t<div class=\"elementor-widget-container\">\n\t\t\t\t\t<h5 class=\"elementor-heading-title elementor-size-default\">Wir suchen Zahntechniker, Hilfskr\u00e4fte &amp; Quereinsteiger (M\/W\/D)<br>in Voll- &amp; Teilzeit.<\/h5>\t\t\t\t<\/div>\n\t\t\t\t<\/div>\n\t\t\t\t<\/div>\n\t\t<div class=\"elementor-element elementor-element-486035ea e-con-full e-flex e-con e-child\" data-id=\"486035ea\" data-element_type=\"container\">\n\t\t\t\t<div class=\"elementor-element elementor-element-40ac8760 elementor-widget elementor-widget-text-editor\" data-id=\"40ac8760\" data-element_type=\"widget\" data-widget_type=\"text-editor.default\">\n\t\t\t\t<div class=\"elementor-widget-container\">\n\t\t\t\t\t\t\t\t\t<p>Du suchst eine neue berufliche Herausforderung?<br \/>Das Dentaltechniklabor am Grimmel bietet die Chance, in Voll- oder Teilzeit bei uns durchzustarten. Keine Vorkenntnisse in der Zahntechnik?<br \/>Kein Problem \u2013 wir sorgen f\u00fcr eine gr\u00fcndliche Einarbeitung.<\/p>\t\t\t\t\t\t\t\t<\/div>\n\t\t\t\t<\/div>\n\t\t\t\t<div class=\"elementor-element elementor-element-50c5457c elementor-align-justify elementor-widget elementor-widget-button\" data-id=\"50c5457c\" data-element_type=\"widget\" data-widget_type=\"button.default\">\n\t\t\t\t<div class=\"elementor-widget-container\">\n\t\t\t\t\t\t\t\t\t<div class=\"elementor-button-wrapper\">\n\t\t\t\t\t<a class=\"elementor-button elementor-button-link elementor-size-sm\" href=\"https:\/\/mindtrade.de\/clients\/dtg2025\/jobs\/\">\n\t\t\t\t\t\t<span class=\"elementor-button-content-wrapper\">\n\t\t\t\t\t\t\t\t\t<span class=\"elementor-button-text\">Jetzt bewerben<\/span>\n\t\t\t\t\t<\/span>\n\t\t\t\t\t<\/a>\n\t\t\t\t<\/div>\n\t\t\t\t\t\t\t\t<\/div>\n\t\t\t\t<\/div>\n\t\t\t\t<\/div>\n\t\t\t\t\t<\/div>\n\t\t\t\t<\/div>\n\t\t\t\t<\/div>\n\t\t","protected":false},"excerpt":{"rendered":"<p>Unser Dental&shy;technik&shy;labor: Tradition &amp; Technik vereint Wir vereinen jahrelange Erfahrung, h\u00e4ndische Pr\u00e4zision und technische Innovation zu herausragenden Ergebnissen. Durch die Verarbeitung von zeitgem\u00e4ssen Materialien in Verbindung mit individuellen und modernen Herstellungsprozessen sind wir in der Lage auf besondere Vorgaben und W\u00fcnsche einzugehen. Zukunfts&shy;f\u00e4hige Zahn&shy;technik f\u00fcr junge Zahn\u00e4rzte Im Dentaltechniklabor am Grimmel bieten wir jungen Zahn\u00e4rzten [&hellip;]<\/p>\n","protected":false},"author":1,"featured_media":0,"parent":0,"menu_order":0,"comment_status":"closed","ping_status":"closed","template":"","meta":{"footnotes":""},"class_list":["post-107","page","type-page","status-publish","hentry"],"_links":{"self":[{"href":"https:\/\/mindtrade.de\/clients\/dtg2025\/wp-json\/wp\/v2\/pages\/107","targetHints":{"allow":["GET"]}}],"collection":[{"href":"https:\/\/mindtrade.de\/clients\/dtg2025\/wp-json\/wp\/v2\/pages"}],"about":[{"href":"https:\/\/mindtrade.de\/clients\/dtg2025\/wp-json\/wp\/v2\/types\/page"}],"author":[{"embeddable":true,"href":"https:\/\/mindtrade.de\/clients\/dtg2025\/wp-json\/wp\/v2\/users\/1"}],"replies":[{"embeddable":true,"href":"https:\/\/mindtrade.de\/clients\/dtg2025\/wp-json\/wp\/v2\/comments?post=107"}],"version-history":[{"count":151,"href":"https:\/\/mindtrade.de\/clients\/dtg2025\/wp-json\/wp\/v2\/pages\/107\/revisions"}],"predecessor-version":[{"id":1784,"href":"https:\/\/mindtrade.de\/clients\/dtg2025\/wp-json\/wp\/v2\/pages\/107\/revisions\/1784"}],"wp:attachment":[{"href":"https:\/\/mindtrade.de\/clients\/dtg2025\/wp-json\/wp\/v2\/media?parent=107"}],"curies":[{"name":"wp","href":"https:\/\/api.w.org\/{rel}","templated":true}]}}