{"id":103,"date":"2025-01-17T08:46:26","date_gmt":"2025-01-17T08:46:26","guid":{"rendered":"https:\/\/mindtrade.de\/clients\/dtg2025\/service\/"},"modified":"2025-09-19T10:12:04","modified_gmt":"2025-09-19T10:12:04","slug":"service","status":"publish","type":"page","link":"https:\/\/mindtrade.de\/clients\/dtg2025\/service\/","title":{"rendered":"Service"},"content":{"rendered":"\t\t<div data-elementor-type=\"wp-page\" data-elementor-id=\"103\" class=\"elementor elementor-103\" data-elementor-post-type=\"page\">\n\t\t\t\t<div class=\"elementor-element elementor-element-5fab094d e-con-full e-flex e-con e-parent\" data-id=\"5fab094d\" data-element_type=\"container\" data-settings=\"{&quot;background_background&quot;:&quot;classic&quot;,&quot;background_motion_fx_motion_fx_scrolling&quot;:&quot;yes&quot;,&quot;background_motion_fx_scale_effect&quot;:&quot;yes&quot;,&quot;background_motion_fx_scale_speed&quot;:{&quot;unit&quot;:&quot;px&quot;,&quot;size&quot;:2,&quot;sizes&quot;:[]},&quot;background_motion_fx_scale_direction&quot;:&quot;out-in&quot;,&quot;background_motion_fx_scale_range&quot;:{&quot;unit&quot;:&quot;%&quot;,&quot;size&quot;:&quot;&quot;,&quot;sizes&quot;:{&quot;start&quot;:20,&quot;end&quot;:80}},&quot;background_motion_fx_devices&quot;:[&quot;desktop&quot;,&quot;tablet&quot;,&quot;mobile&quot;]}\">\n\t\t<div class=\"elementor-element elementor-element-53533f7b e-flex e-con-boxed e-con e-child\" data-id=\"53533f7b\" data-element_type=\"container\">\n\t\t\t\t\t<div class=\"e-con-inner\">\n\t\t<div class=\"elementor-element elementor-element-466b861b e-con-full e-flex e-con e-child\" data-id=\"466b861b\" data-element_type=\"container\">\n\t\t<div class=\"elementor-element elementor-element-5884faf0 e-con-full e-flex e-con e-child\" data-id=\"5884faf0\" data-element_type=\"container\" data-settings=\"{&quot;background_background&quot;:&quot;classic&quot;}\">\n\t\t\t\t<div class=\"elementor-element elementor-element-1ff1be22 elementor-widget__width-initial elementor-widget elementor-widget-heading\" data-id=\"1ff1be22\" data-element_type=\"widget\" data-widget_type=\"heading.default\">\n\t\t\t\t<div class=\"elementor-widget-container\">\n\t\t\t\t\t<h1 class=\"elementor-heading-title elementor-size-default\">Service<\/h1>\t\t\t\t<\/div>\n\t\t\t\t<\/div>\n\t\t\t\t<\/div>\n\t\t\t\t<\/div>\n\t\t\t\t\t<\/div>\n\t\t\t\t<\/div>\n\t\t\t\t<\/div>\n\t\t<div class=\"elementor-element elementor-element-6f158aa1 e-flex e-con-boxed e-con e-parent\" data-id=\"6f158aa1\" data-element_type=\"container\">\n\t\t\t\t\t<div class=\"e-con-inner\">\n\t\t<div class=\"elementor-element elementor-element-360e81f7 e-con-full e-flex e-con e-child\" data-id=\"360e81f7\" data-element_type=\"container\">\n\t\t<div class=\"elementor-element elementor-element-3d72e701 e-con-full e-flex e-con e-child\" data-id=\"3d72e701\" data-element_type=\"container\">\n\t\t<div class=\"elementor-element elementor-element-67e2f20a e-con-full e-flex e-con e-child\" data-id=\"67e2f20a\" data-element_type=\"container\">\n\t\t<div class=\"elementor-element elementor-element-310ade8 e-con-full e-flex e-con e-child\" data-id=\"310ade8\" data-element_type=\"container\" data-settings=\"{&quot;background_background&quot;:&quot;classic&quot;}\">\n\t\t\t\t<div class=\"elementor-element elementor-element-34477842 elementor-widget elementor-widget-heading\" data-id=\"34477842\" data-element_type=\"widget\" data-widget_type=\"heading.default\">\n\t\t\t\t<div class=\"elementor-widget-container\">\n\t\t\t\t\t<h2 class=\"elementor-heading-title elementor-size-default\">Service<\/h2>\t\t\t\t<\/div>\n\t\t\t\t<\/div>\n\t\t\t\t<\/div>\n\t\t\t\t<div class=\"elementor-element elementor-element-7d76c664 elementor-widget elementor-widget-heading\" data-id=\"7d76c664\" data-element_type=\"widget\" data-widget_type=\"heading.default\">\n\t\t\t\t<div class=\"elementor-widget-container\">\n\t\t\t\t\t<h2 class=\"elementor-heading-title elementor-size-default\">steht f\u00fcr uns<\/h2>\t\t\t\t<\/div>\n\t\t\t\t<\/div>\n\t\t\t\t<\/div>\n\t\t<div class=\"elementor-element elementor-element-6c5b096e e-con-full e-flex e-con e-child\" data-id=\"6c5b096e\" data-element_type=\"container\">\n\t\t\t\t<div class=\"elementor-element elementor-element-316ab869 elementor-widget elementor-widget-heading\" data-id=\"316ab869\" data-element_type=\"widget\" data-widget_type=\"heading.default\">\n\t\t\t\t<div class=\"elementor-widget-container\">\n\t\t\t\t\t<h2 class=\"elementor-heading-title elementor-size-default\">an erster Stelle<\/h2>\t\t\t\t<\/div>\n\t\t\t\t<\/div>\n\t\t\t\t<\/div>\n\t\t\t\t<\/div>\n\t\t<div class=\"elementor-element elementor-element-10201bfa e-con-full e-flex e-con e-child\" data-id=\"10201bfa\" data-element_type=\"container\">\n\t\t\t\t<div class=\"elementor-element elementor-element-6f71a914 elementor-widget elementor-widget-text-editor\" data-id=\"6f71a914\" data-element_type=\"widget\" data-widget_type=\"text-editor.default\">\n\t\t\t\t<div class=\"elementor-widget-container\">\n\t\t\t\t\t\t\t\t\t<p>Hier k\u00f6nnen Sie Informationen rund um unsere Leistungen und <br \/>unser Unternehmen downloaden:<\/p>\t\t\t\t\t\t\t\t<\/div>\n\t\t\t\t<\/div>\n\t\t\t\t<\/div>\n\t\t\t\t<\/div>\n\t\t<div class=\"elementor-element elementor-element-2d433fb7 e-con-full e-flex e-con e-child\" data-id=\"2d433fb7\" data-element_type=\"container\">\n\t\t<div class=\"elementor-element elementor-element-28d66218 e-grid e-con-full e-con e-child\" data-id=\"28d66218\" data-element_type=\"container\">\n\t\t<div class=\"elementor-element elementor-element-782f46da e-con-full e-flex e-con e-child\" data-id=\"782f46da\" data-element_type=\"container\" data-settings=\"{&quot;background_background&quot;:&quot;classic&quot;}\">\n\t\t\t\t<div class=\"elementor-element elementor-element-853563b wordBreak elementor-widget elementor-widget-heading\" data-id=\"853563b\" data-element_type=\"widget\" data-widget_type=\"heading.default\">\n\t\t\t\t<div class=\"elementor-widget-container\">\n\t\t\t\t\t<h3 class=\"elementor-heading-title elementor-size-default\">3M Cojet Verbundsystem Set<\/h3>\t\t\t\t<\/div>\n\t\t\t\t<\/div>\n\t\t\t\t<div class=\"elementor-element elementor-element-af3b969 elementor-widget elementor-widget-text-editor\" data-id=\"af3b969\" data-element_type=\"widget\" data-widget_type=\"text-editor.default\">\n\t\t\t\t<div class=\"elementor-widget-container\">\n\t\t\t\t\t\t\t\t\t<p>F\u00fcr kleinfl\u00e4chige Defekte aus Keramik, Metall oder Composite.<br \/>Die Gebrauchsanweisung f\u00fcr dieses Set erhalten Sie hier.<\/p>\t\t\t\t\t\t\t\t<\/div>\n\t\t\t\t<\/div>\n\t\t\t\t<div class=\"elementor-element elementor-element-28519e81 elementor-align-center elementor-widget elementor-widget-button\" data-id=\"28519e81\" data-element_type=\"widget\" data-widget_type=\"button.default\">\n\t\t\t\t<div class=\"elementor-widget-container\">\n\t\t\t\t\t\t\t\t\t<div class=\"elementor-button-wrapper\">\n\t\t\t\t\t<a class=\"elementor-button elementor-button-link elementor-size-sm\" href=\"https:\/\/mindtrade.de\/clients\/dtg2025\/wp-content\/uploads\/2025\/05\/CoJet.pdf\" target=\"_blank\">\n\t\t\t\t\t\t<span class=\"elementor-button-content-wrapper\">\n\t\t\t\t\t\t\t\t\t<span class=\"elementor-button-text\">Zu der Anleitung<\/span>\n\t\t\t\t\t<\/span>\n\t\t\t\t\t<\/a>\n\t\t\t\t<\/div>\n\t\t\t\t\t\t\t\t<\/div>\n\t\t\t\t<\/div>\n\t\t\t\t<\/div>\n\t\t<div class=\"elementor-element elementor-element-7b342013 e-con-full e-flex e-con e-child\" data-id=\"7b342013\" data-element_type=\"container\" data-settings=\"{&quot;background_background&quot;:&quot;classic&quot;}\">\n\t\t\t\t<div class=\"elementor-element elementor-element-40df73b0 elementor-widget elementor-widget-heading\" data-id=\"40df73b0\" data-element_type=\"widget\" data-widget_type=\"heading.default\">\n\t\t\t\t<div class=\"elementor-widget-container\">\n\t\t\t\t\t<h3 class=\"elementor-heading-title elementor-size-default\">Kavo CORONAflex<\/h3>\t\t\t\t<\/div>\n\t\t\t\t<\/div>\n\t\t\t\t<div class=\"elementor-element elementor-element-b9738d2 elementor-widget elementor-widget-text-editor\" data-id=\"b9738d2\" data-element_type=\"widget\" data-widget_type=\"text-editor.default\">\n\t\t\t\t<div class=\"elementor-widget-container\">\n\t\t\t\t\t\t\t\t\t<p>Mit dieser Technik werden Kronen, Br\u00fccken und Provisorien sicher gel\u00f6st und k\u00f6nnen deshalb auch wiederverwendet werden.<\/p>\t\t\t\t\t\t\t\t<\/div>\n\t\t\t\t<\/div>\n\t\t\t\t<div class=\"elementor-element elementor-element-6d657440 elementor-align-center elementor-widget elementor-widget-button\" data-id=\"6d657440\" data-element_type=\"widget\" data-widget_type=\"button.default\">\n\t\t\t\t<div class=\"elementor-widget-container\">\n\t\t\t\t\t\t\t\t\t<div class=\"elementor-button-wrapper\">\n\t\t\t\t\t<a class=\"elementor-button elementor-button-link elementor-size-sm\" href=\"https:\/\/www.youtube.com\/watch?v=obpLukN7oy8\" target=\"_blank\">\n\t\t\t\t\t\t<span class=\"elementor-button-content-wrapper\">\n\t\t\t\t\t\t\t\t\t<span class=\"elementor-button-text\">Zum Herstellervideo<\/span>\n\t\t\t\t\t<\/span>\n\t\t\t\t\t<\/a>\n\t\t\t\t<\/div>\n\t\t\t\t\t\t\t\t<\/div>\n\t\t\t\t<\/div>\n\t\t\t\t<\/div>\n\t\t\t\t<\/div>\n\t\t\t\t<\/div>\n\t\t\t\t<div class=\"elementor-element elementor-element-64239f8b elementor-absolute elementor-widget elementor-widget-image\" data-id=\"64239f8b\" data-element_type=\"widget\" data-settings=\"{&quot;_position&quot;:&quot;absolute&quot;}\" data-widget_type=\"image.default\">\n\t\t\t\t<div class=\"elementor-widget-container\">\n\t\t\t\t\t\t\t\t\t\t\t\t\t\t\t<img fetchpriority=\"high\" decoding=\"async\" width=\"596\" height=\"799\" src=\"https:\/\/mindtrade.de\/clients\/dtg2025\/wp-content\/uploads\/2025\/01\/Ellipse-hero-links.svg\" class=\"attachment-large size-large wp-image-327\" alt=\"\" \/>\t\t\t\t\t\t\t\t\t\t\t\t\t\t\t<\/div>\n\t\t\t\t<\/div>\n\t\t\t\t<div class=\"elementor-element elementor-element-29c327cf elementor-absolute elementor-widget elementor-widget-image\" data-id=\"29c327cf\" data-element_type=\"widget\" data-settings=\"{&quot;_position&quot;:&quot;absolute&quot;}\" data-widget_type=\"image.default\">\n\t\t\t\t<div class=\"elementor-widget-container\">\n\t\t\t\t\t\t\t\t\t\t\t\t\t\t\t<img decoding=\"async\" width=\"569\" height=\"841\" src=\"https:\/\/mindtrade.de\/clients\/dtg2025\/wp-content\/uploads\/2025\/01\/Ellipse-Banner-rechts-1.svg\" class=\"attachment-large size-large wp-image-325\" alt=\"\" \/>\t\t\t\t\t\t\t\t\t\t\t\t\t\t\t<\/div>\n\t\t\t\t<\/div>\n\t\t\t\t\t<\/div>\n\t\t\t\t<\/div>\n\t\t<div class=\"elementor-element elementor-element-4e9062b6 animated-slow e-flex e-con-boxed elementor-invisible e-con e-parent\" data-id=\"4e9062b6\" data-element_type=\"container\" data-settings=\"{&quot;background_background&quot;:&quot;classic&quot;,&quot;animation&quot;:&quot;fadeInUp&quot;}\">\n\t\t\t\t\t<div class=\"e-con-inner\">\n\t\t<div class=\"elementor-element elementor-element-5d686bbb e-con-full e-flex e-con e-child\" data-id=\"5d686bbb\" data-element_type=\"container\">\n\t\t<div class=\"elementor-element elementor-element-58a72412 e-con-full e-flex e-con e-child\" data-id=\"58a72412\" data-element_type=\"container\">\n\t\t\t\t<div class=\"elementor-element elementor-element-2c56c685 elementor-widget elementor-widget-heading\" data-id=\"2c56c685\" data-element_type=\"widget\" data-widget_type=\"heading.default\">\n\t\t\t\t<div class=\"elementor-widget-container\">\n\t\t\t\t\t<h2 class=\"elementor-heading-title elementor-size-default\">Dein<\/h2>\t\t\t\t<\/div>\n\t\t\t\t<\/div>\n\t\t<div class=\"elementor-element elementor-element-3f2accfa e-con-full e-flex e-con e-child\" data-id=\"3f2accfa\" data-element_type=\"container\" data-settings=\"{&quot;background_background&quot;:&quot;classic&quot;}\">\n\t\t\t\t<div class=\"elementor-element elementor-element-7ee5e239 elementor-widget elementor-widget-heading\" data-id=\"7ee5e239\" data-element_type=\"widget\" data-widget_type=\"heading.default\">\n\t\t\t\t<div class=\"elementor-widget-container\">\n\t\t\t\t\t<h2 class=\"elementor-heading-title elementor-size-default\">Talent<\/h2>\t\t\t\t<\/div>\n\t\t\t\t<\/div>\n\t\t\t\t<\/div>\n\t\t\t\t<div class=\"elementor-element elementor-element-49ef8525 elementor-widget elementor-widget-heading\" data-id=\"49ef8525\" data-element_type=\"widget\" data-widget_type=\"heading.default\">\n\t\t\t\t<div class=\"elementor-widget-container\">\n\t\t\t\t\t<h2 class=\"elementor-heading-title elementor-size-default\">schon bald in<\/h2>\t\t\t\t<\/div>\n\t\t\t\t<\/div>\n\t\t\t\t<\/div>\n\t\t\t\t<div class=\"elementor-element elementor-element-506bee31 elementor-widget elementor-widget-heading\" data-id=\"506bee31\" data-element_type=\"widget\" data-widget_type=\"heading.default\">\n\t\t\t\t<div class=\"elementor-widget-container\">\n\t\t\t\t\t<h2 class=\"elementor-heading-title elementor-size-default\">aller Munde<\/h2>\t\t\t\t<\/div>\n\t\t\t\t<\/div>\n\t\t\t\t<div class=\"elementor-element elementor-element-c807eab elementor-widget elementor-widget-heading\" data-id=\"c807eab\" data-element_type=\"widget\" data-widget_type=\"heading.default\">\n\t\t\t\t<div class=\"elementor-widget-container\">\n\t\t\t\t\t<h5 class=\"elementor-heading-title elementor-size-default\">Wir suchen Zahntechniker, Hilfskr\u00e4fte &amp; Quereinsteiger (M\/W\/D)<br>in Voll- &amp; Teilzeit.<\/h5>\t\t\t\t<\/div>\n\t\t\t\t<\/div>\n\t\t\t\t<\/div>\n\t\t<div class=\"elementor-element elementor-element-30e956ae e-con-full e-flex e-con e-child\" data-id=\"30e956ae\" data-element_type=\"container\">\n\t\t\t\t<div class=\"elementor-element elementor-element-47dd310d elementor-widget elementor-widget-text-editor\" data-id=\"47dd310d\" data-element_type=\"widget\" data-widget_type=\"text-editor.default\">\n\t\t\t\t<div class=\"elementor-widget-container\">\n\t\t\t\t\t\t\t\t\t<p>Du suchst eine neue berufliche Herausforderung?<br \/>Das Dentaltechniklabor am Grimmel bietet die Chance, in Voll- oder Teilzeit bei uns durchzustarten. Keine Vorkenntnisse in der Zahntechnik?<br \/>Kein Problem \u2013 wir sorgen f\u00fcr eine gr\u00fcndliche Einarbeitung.<\/p>\t\t\t\t\t\t\t\t<\/div>\n\t\t\t\t<\/div>\n\t\t\t\t<div class=\"elementor-element elementor-element-20827a16 elementor-align-justify elementor-widget elementor-widget-button\" data-id=\"20827a16\" data-element_type=\"widget\" data-widget_type=\"button.default\">\n\t\t\t\t<div class=\"elementor-widget-container\">\n\t\t\t\t\t\t\t\t\t<div class=\"elementor-button-wrapper\">\n\t\t\t\t\t<a class=\"elementor-button elementor-button-link elementor-size-sm\" href=\"https:\/\/mindtrade.de\/clients\/dtg2025\/jobs\/\">\n\t\t\t\t\t\t<span class=\"elementor-button-content-wrapper\">\n\t\t\t\t\t\t\t\t\t<span class=\"elementor-button-text\">Jetzt bewerben<\/span>\n\t\t\t\t\t<\/span>\n\t\t\t\t\t<\/a>\n\t\t\t\t<\/div>\n\t\t\t\t\t\t\t\t<\/div>\n\t\t\t\t<\/div>\n\t\t\t\t<\/div>\n\t\t\t\t\t<\/div>\n\t\t\t\t<\/div>\n\t\t\t\t<\/div>\n\t\t","protected":false},"excerpt":{"rendered":"<p>Service Service steht f\u00fcr uns an erster Stelle Hier k\u00f6nnen Sie Informationen rund um unsere Leistungen und unser Unternehmen downloaden: 3M Cojet Verbundsystem Set F\u00fcr kleinfl\u00e4chige Defekte aus Keramik, Metall oder Composite.Die Gebrauchsanweisung f\u00fcr dieses Set erhalten Sie hier. Zu der Anleitung Kavo CORONAflex Mit dieser Technik werden Kronen, Br\u00fccken und Provisorien sicher gel\u00f6st und [&hellip;]<\/p>\n","protected":false},"author":1,"featured_media":0,"parent":0,"menu_order":0,"comment_status":"closed","ping_status":"closed","template":"","meta":{"footnotes":""},"class_list":["post-103","page","type-page","status-publish","hentry"],"_links":{"self":[{"href":"https:\/\/mindtrade.de\/clients\/dtg2025\/wp-json\/wp\/v2\/pages\/103","targetHints":{"allow":["GET"]}}],"collection":[{"href":"https:\/\/mindtrade.de\/clients\/dtg2025\/wp-json\/wp\/v2\/pages"}],"about":[{"href":"https:\/\/mindtrade.de\/clients\/dtg2025\/wp-json\/wp\/v2\/types\/page"}],"author":[{"embeddable":true,"href":"https:\/\/mindtrade.de\/clients\/dtg2025\/wp-json\/wp\/v2\/users\/1"}],"replies":[{"embeddable":true,"href":"https:\/\/mindtrade.de\/clients\/dtg2025\/wp-json\/wp\/v2\/comments?post=103"}],"version-history":[{"count":59,"href":"https:\/\/mindtrade.de\/clients\/dtg2025\/wp-json\/wp\/v2\/pages\/103\/revisions"}],"predecessor-version":[{"id":1781,"href":"https:\/\/mindtrade.de\/clients\/dtg2025\/wp-json\/wp\/v2\/pages\/103\/revisions\/1781"}],"wp:attachment":[{"href":"https:\/\/mindtrade.de\/clients\/dtg2025\/wp-json\/wp\/v2\/media?parent=103"}],"curies":[{"name":"wp","href":"https:\/\/api.w.org\/{rel}","templated":true}]}}